{"id":95,"date":"2024-01-30T11:11:51","date_gmt":"2024-01-30T11:11:51","guid":{"rendered":"https:\/\/moxu.net\/marion_wp\/?page_id=95"},"modified":"2024-01-30T11:25:21","modified_gmt":"2024-01-30T11:25:21","slug":"kontakt","status":"publish","type":"page","link":"https:\/\/xn--marion-mller-assmus-dbc.de\/index.php\/kontakt\/","title":{"rendered":"Kontakt"},"content":{"rendered":"<p>Wenn du Fragen hast oder mir Anregungen \u00fcbermitteln willst, kannst du mich \u00fcber das Kontaktformular, per Post, telefonisch oder per Mail erreichen:<\/p>\n<p><strong>Marion M\u00fcller-Assmus<br \/>\n<\/strong><strong> An der Landesgrenze 6<br \/>\n28779 Bremen<\/strong><\/p>\n<p>Mobil: 0151-2013 5717<br \/>\nMail: info@maripura.de<\/p>\n<p>Wenn du mir eine Nachricht senden m\u00f6chtest f\u00fclle bitte das nachstehende Formular aus. Ich werde mich so schnell wie m\u00f6glich mit dir Verbindung setzen. Alle Eintragungen sind freiwillig und unterliegen der aktuellen DSGVO vom 25.05.2018 (siehe Impressum) .<\/p>\n\n<div class=\"wpcf7 no-js\" id=\"wpcf7-f100-o1\" lang=\"de-DE\" dir=\"ltr\" data-wpcf7-id=\"100\">\n<div class=\"screen-reader-response\"><p role=\"status\" aria-live=\"polite\" aria-atomic=\"true\"><\/p> <ul><\/ul><\/div>\n<form action=\"\/index.php\/wp-json\/wp\/v2\/pages\/95#wpcf7-f100-o1\" method=\"post\" class=\"wpcf7-form init\" aria-label=\"Kontaktformular\" novalidate=\"novalidate\" data-status=\"init\">\n<fieldset class=\"hidden-fields-container\"><input type=\"hidden\" name=\"_wpcf7\" value=\"100\" \/><input type=\"hidden\" name=\"_wpcf7_version\" value=\"6.1.4\" \/><input type=\"hidden\" name=\"_wpcf7_locale\" value=\"de_DE\" \/><input type=\"hidden\" name=\"_wpcf7_unit_tag\" value=\"wpcf7-f100-o1\" \/><input type=\"hidden\" name=\"_wpcf7_container_post\" value=\"0\" \/><input type=\"hidden\" name=\"_wpcf7_posted_data_hash\" value=\"\" \/>\n<\/fieldset>\n<p><label>Dein Name: (Pflichtfeld)<br \/>\n<span class=\"wpcf7-form-control-wrap\" data-name=\"your-name\"><input size=\"40\" maxlength=\"400\" class=\"wpcf7-form-control wpcf7-text wpcf7-validates-as-required\" aria-required=\"true\" aria-invalid=\"false\" value=\"\" type=\"text\" name=\"your-name\" \/><\/span><\/label>\n<\/p>\n<p><label>Deine E-Mail-Adresse: (Pflichtfeld)<br \/>\n<span class=\"wpcf7-form-control-wrap\" data-name=\"your-email\"><input size=\"40\" maxlength=\"400\" class=\"wpcf7-form-control wpcf7-email wpcf7-validates-as-required wpcf7-text wpcf7-validates-as-email\" aria-required=\"true\" aria-invalid=\"false\" value=\"\" type=\"email\" name=\"your-email\" \/><\/span><\/label>\n<\/p>\n<p><label>Betreff:<br \/>\n<span class=\"wpcf7-form-control-wrap\" data-name=\"your-subject\"><input size=\"40\" maxlength=\"400\" class=\"wpcf7-form-control wpcf7-text\" aria-invalid=\"false\" value=\"\" type=\"text\" name=\"your-subject\" \/><\/span><\/label>\n<\/p>\n<p><label>Deine Nachricht:<br \/>\n<span class=\"wpcf7-form-control-wrap\" data-name=\"your-message\"><textarea cols=\"40\" rows=\"10\" maxlength=\"2000\" class=\"wpcf7-form-control wpcf7-textarea\" aria-invalid=\"false\" name=\"your-message\"><\/textarea><\/span><\/label>\n<\/p>\n<p><label>Sicherheitsabfrage: (Spam-Schutz)<br \/>\n<span class=\"wpcf7-form-control-wrap\" data-name=\"quiz-80\"><label><span class=\"wpcf7-quiz-label\">was ist 2 + 3 =<\/span> <input size=\"40\" class=\"wpcf7-form-control wpcf7-quiz\" autocomplete=\"off\" aria-required=\"true\" aria-invalid=\"false\" type=\"text\" name=\"quiz-80\" \/><\/label><input type=\"hidden\" name=\"_wpcf7_quiz_answer_quiz-80\" value=\"8b3bb8475a99adaac866880f2eb585a7\" \/><\/span><br \/>\n&nbsp;<br \/>\n<input class=\"wpcf7-form-control wpcf7-submit has-spinner\" type=\"submit\" value=\"Senden\" \/><\/label>\n<\/p><div class=\"wpcf7-response-output\" aria-hidden=\"true\"><\/div>\n<\/form>\n<\/div>\n\n","protected":false},"excerpt":{"rendered":"<p>Wenn du Fragen hast oder mir Anregungen \u00fcbermitteln willst, kannst du mich \u00fcber das Kontaktformular, per Post, telefonisch oder per Mail erreichen: Marion M\u00fcller-Assmus An der Landesgrenze 6 28779 Bremen Mobil: 0151-2013 5717 Mail: info@maripura.de Wenn du mir eine Nachricht senden m\u00f6chtest f\u00fclle bitte das nachstehende Formular aus. Ich werde mich so schnell wie m\u00f6glich&#8230;<\/p>\n","protected":false},"author":1,"featured_media":0,"parent":0,"menu_order":0,"comment_status":"closed","ping_status":"closed","template":"","meta":{"footnotes":""},"class_list":["post-95","page","type-page","status-publish","hentry"],"_links":{"self":[{"href":"https:\/\/xn--marion-mller-assmus-dbc.de\/index.php\/wp-json\/wp\/v2\/pages\/95","targetHints":{"allow":["GET"]}}],"collection":[{"href":"https:\/\/xn--marion-mller-assmus-dbc.de\/index.php\/wp-json\/wp\/v2\/pages"}],"about":[{"href":"https:\/\/xn--marion-mller-assmus-dbc.de\/index.php\/wp-json\/wp\/v2\/types\/page"}],"author":[{"embeddable":true,"href":"https:\/\/xn--marion-mller-assmus-dbc.de\/index.php\/wp-json\/wp\/v2\/users\/1"}],"replies":[{"embeddable":true,"href":"https:\/\/xn--marion-mller-assmus-dbc.de\/index.php\/wp-json\/wp\/v2\/comments?post=95"}],"version-history":[{"count":2,"href":"https:\/\/xn--marion-mller-assmus-dbc.de\/index.php\/wp-json\/wp\/v2\/pages\/95\/revisions"}],"predecessor-version":[{"id":101,"href":"https:\/\/xn--marion-mller-assmus-dbc.de\/index.php\/wp-json\/wp\/v2\/pages\/95\/revisions\/101"}],"wp:attachment":[{"href":"https:\/\/xn--marion-mller-assmus-dbc.de\/index.php\/wp-json\/wp\/v2\/media?parent=95"}],"curies":[{"name":"wp","href":"https:\/\/api.w.org\/{rel}","templated":true}]}}