{"id":92,"date":"2024-01-30T11:10:28","date_gmt":"2024-01-30T11:10:28","guid":{"rendered":"https:\/\/moxu.net\/marion_wp\/?page_id=92"},"modified":"2025-02-06T08:29:15","modified_gmt":"2025-02-06T08:29:15","slug":"bewertungen","status":"publish","type":"page","link":"https:\/\/xn--marion-mller-assmus-dbc.de\/index.php\/bewertungen\/","title":{"rendered":"Erfahrungen"},"content":{"rendered":"<div class=\"entry-content\">\n<p>Liebe Marion, nun kenne ich dich schon ein paar Jahre. Ich habe dich als Yogatrainerin kennengelernt. Ich liebte es bei dir zu \u00fcben, deine ruhige, liebe und klare Stimme war besonders in der Endentspannung wohltuend. Es war und ist immer abwechslungsreich in deinen Stunden. Ich sp\u00fcre deutlich das du deinen Job lebst. Leider konnte ich eine lange Zeit nicht weiter \u00fcben da ich in eine schlechten psychischen Verfassung geraten bin. Immer wieder musste ich an dich denken und habe auch oft geschrieben das ich weiter machen m\u00f6chte. Jedes mal warst du sehr hilfsbereit und hast mich immer wieder herzlichst eingeladen und nun habe ich es endlich geschafft wieder mit zu \u00fcben. Das ist auch wieder m\u00f6glich weil ich bei dir in Therapie bin. Die Nervensystemregulierung hat mich in meinem Leben weiter gef\u00fchrt. Mein phobischer Schwank Schwindel meldet sich so gut wie gar nicht mehr. Ich vertraue dir sehr und du bist ein wunderbarer Mensch. Tausend Dank, Namaste Kristine.<\/p>\n<p><em>\u2013 K. aus Bremen \u2013<br \/>\n<\/em><\/p>\n<p style=\"text-align: center;\"><strong>* * *<\/strong><\/p>\n<p>Ich hatte anfangs Sorge, dass ich mich nicht genug \u201e\u00f6ffnen\u201c oder loslassen kann. Aber die entspannte Atmosph\u00e4re und die Worte haben mich sehr schnell entspannen lassen. Ich hatte mir eine Hypnose anders vorgestellt. Ich dachte, ich k\u00f6nne mich danach an nichts erinnern. Es war aber eher wie eine ganz tiefe Ruhe und Entspannung. Ich war jederzeit wach und h\u00e4tte selbst entscheiden k\u00f6nnen abzubrechen. Mal davon abgesehen, dass dieser Zustand sehr angenehm ist, glaube ich auch dadurch eine gute Unterst\u00fctzung und Zugang zu mir zu bekommen. Ich werde mich gerne erneut hypnotisieren lassen.<\/p>\n<p><em>\u2013 J. aus Schwanewede \u2013<br \/>\n<\/em><\/p>\n<p style=\"text-align: center;\"><strong>* * *<\/strong><\/p>\n<p>Marions Therapieangebot habe ich sowohl bei der Hypnosetheraphie als auch bei der neurosystemischen Integration kennenlernen d\u00fcrfen. Ihre stetigen Weiterbildungen zu den Themen, gepaart mit Marions einf\u00fchlsamer Art machen es einem als Klientin leicht, sich fallen zu lassen und zu \u00f6ffnen. Marion baut die Inhalte nach und nach behutsam mit verschiedenen Techniken auf, erkl\u00e4rt sehr umsichtig das Vorgehen und arbeitet gemeinsam mit dem Klienten an tiefen Erkenntnissen um diese dann zu integrieren. Im ganzen Prozess habe ich mich sehr gut begleitet gef\u00fchlt und die Theraphiepraxis stets als sicheren Ort wahrgenommen.<\/p>\n<p><em>\u2013 J. aus Schwanewede \u2013<\/em><\/p>\n<p>* * *<\/p>\n<div>Liebe Marion,<\/div>\n<div>vielen Dank f\u00fcr deinen tollen Workshop zur Systemregulation am Wochenende.\u00a0 Es war eine gelungene Mischung aus Theorie und Praxis (Yoga, EFT ,Ehrliches Mitteilen, Atem \u00dcbungen,\u00a0 Meditation) durch die Du uns mit deiner liebevollen , wertsch\u00e4tzenden , ruhigen Art durchgef\u00fchrt hast um uns selbst aber auch andere ein wenig besser verstehen aber auch regulieren zu k\u00f6nnen. Ich freue mich bereits jetzt schon auf deinem n\u00e4chsten Workshop.<\/div>\n<div>\u00a0\ud83d\ude01<\/div>\n<div><\/div>\n<div>-F. aus Bremen-<\/div>\n<\/div>\n<div>\u00a0 \u00a0 \u00a0 \u00a0 \u00a0 \u00a0 \u00a0 \u00a0 \u00a0 \u00a0 \u00a0 \u00a0 \u00a0 \u00a0 \u00a0 \u00a0 \u00a0 \u00a0 \u00a0 \u00a0 \u00a0 \u00a0 \u00a0 \u00a0 \u00a0 \u00a0 \u00a0 \u00a0 \u00a0 \u00a0 \u00a0 \u00a0 \u00a0 \u00a0 \u00a0 \u00a0 \u00a0 \u00a0 \u00a0* * *<\/div>\n<div><\/div>\n<div>\n<p>Ich habe am Workshop Nervensystemregulation und Yoga teilgenommen. Es war f\u00fcr mich eine gute Mischung aus Theorie und Praxis.<\/p>\n<div>Sehr interessant, welche Wege der K\u00f6rper geht, wenn das Nervensystem nicht reguliert und der K\u00f6rper nicht in Balance ist.<\/div>\n<div>Es hat mir in der Gruppe viel Spass gemacht, an diesem Workshop teilzunehmen und sollte es einen Teil 2. geben, w\u00e4re ich gerne wieder dabei.<\/div>\n<div>Vielen Dank liebe Marion f\u00fcr diesen Eindruck in diese Wissen- und Gef\u00fchlswelt, Deiner M\u00fche und Deinen Einsatz.<\/div>\n<div><\/div>\n<\/div>\n<div>-N. aus Schwanewede-<\/div>\n<div><\/div>\n<div><\/div>\n<div>\u00a0 \u00a0 \u00a0 \u00a0 \u00a0 \u00a0 \u00a0 \u00a0 \u00a0 \u00a0 \u00a0 \u00a0 \u00a0 \u00a0 \u00a0 \u00a0 \u00a0 \u00a0 \u00a0 \u00a0 \u00a0 \u00a0 \u00a0 \u00a0 \u00a0 \u00a0 \u00a0 \u00a0 \u00a0 \u00a0 \u00a0 \u00a0 \u00a0 \u00a0 \u00a0 \u00a0 \u00a0* * *<\/div>\n<div><\/div>\n<div><\/div>\n<div>\n<p>Liebe Marion, vielen Dank f\u00fcr die Insights beim Workshop heute! Ich kann sehr viele verschieden Techniken f\u00fcr mich mitnehmen f\u00fcr den Alltag, um mich gut im Resonanzkorridor einzuschwingen. Die Mischung aus Theorie, Praxis\u00fcbungen, Yoga und Meditation waren harmonisch aufeinander abgestimmt, sodass die Inhalte gut \u201everdaulich\u201c und anschaulich waren.<\/p>\n<div>Wie immer ein toller Workshop mit liebe zum Detail und vielen Beispielen in gewohnter Marion-Qualit\u00e4t \ud83d\ude07\ud83d\ude0a vielen Dank dass ich dabei sein durfte!<\/div>\n<\/div>\n<div><\/div>\n<div>-J. aus Schwanewede-<\/div>\n","protected":false},"excerpt":{"rendered":"<p>Liebe Marion, nun kenne ich dich schon ein paar Jahre. Ich habe dich als Yogatrainerin kennengelernt. Ich liebte es bei dir zu \u00fcben, deine ruhige, liebe und klare Stimme war besonders in der Endentspannung wohltuend. Es war und ist immer abwechslungsreich in deinen Stunden. Ich sp\u00fcre deutlich das du deinen Job lebst. Leider konnte ich&#8230;<\/p>\n","protected":false},"author":1,"featured_media":0,"parent":0,"menu_order":0,"comment_status":"closed","ping_status":"closed","template":"","meta":{"footnotes":""},"class_list":["post-92","page","type-page","status-publish","hentry"],"_links":{"self":[{"href":"https:\/\/xn--marion-mller-assmus-dbc.de\/index.php\/wp-json\/wp\/v2\/pages\/92","targetHints":{"allow":["GET"]}}],"collection":[{"href":"https:\/\/xn--marion-mller-assmus-dbc.de\/index.php\/wp-json\/wp\/v2\/pages"}],"about":[{"href":"https:\/\/xn--marion-mller-assmus-dbc.de\/index.php\/wp-json\/wp\/v2\/types\/page"}],"author":[{"embeddable":true,"href":"https:\/\/xn--marion-mller-assmus-dbc.de\/index.php\/wp-json\/wp\/v2\/users\/1"}],"replies":[{"embeddable":true,"href":"https:\/\/xn--marion-mller-assmus-dbc.de\/index.php\/wp-json\/wp\/v2\/comments?post=92"}],"version-history":[{"count":7,"href":"https:\/\/xn--marion-mller-assmus-dbc.de\/index.php\/wp-json\/wp\/v2\/pages\/92\/revisions"}],"predecessor-version":[{"id":179,"href":"https:\/\/xn--marion-mller-assmus-dbc.de\/index.php\/wp-json\/wp\/v2\/pages\/92\/revisions\/179"}],"wp:attachment":[{"href":"https:\/\/xn--marion-mller-assmus-dbc.de\/index.php\/wp-json\/wp\/v2\/media?parent=92"}],"curies":[{"name":"wp","href":"https:\/\/api.w.org\/{rel}","templated":true}]}}