{"id":8,"date":"2024-01-30T07:59:53","date_gmt":"2024-01-30T07:59:53","guid":{"rendered":"https:\/\/moxu.net\/marion_wp\/?page_id=8"},"modified":"2025-09-12T17:24:02","modified_gmt":"2025-09-12T17:24:02","slug":"ueber-mich","status":"publish","type":"page","link":"https:\/\/xn--marion-mller-assmus-dbc.de\/index.php\/ueber-mich\/","title":{"rendered":"\u00dcber mich"},"content":{"rendered":"\r\n<h4 class=\"wp-block-heading has-text-align-left\">Marion M\u00fcller-Assmus<\/h4>\r\n\r\n\r\n\r\n<p>Ich glaube an Transformation und daran, dass wir alle einen unversehrten Kern in uns haben, an den wir uns wieder anbinden und erinnern k\u00f6nnen .<\/p>\r\n\r\n\r\n\r\n\r\n\r\n<p>Ich hatte als junge Frau, ohne es damals zu wissen, mit den Folgen von Trauma zu k\u00e4mpfen. Zum Gl\u00fcck habe ich im Alter von 18 Jahren eine grosse pers\u00f6nliche Ressource f\u00fcr mich kennengelernt: Die M\u00f6glichkeit der Selbstregulation durch Yoga Praxis.<\/p>\r\n<p style=\"text-align: left;\"><img loading=\"lazy\" decoding=\"async\" class=\"wp-image-193  alignright\" src=\"https:\/\/xn--marion-mller-assmus-dbc.de\/wp-content\/uploads\/2025\/09\/uebermich_13-200x300.jpg\" alt=\"\" width=\"292\" height=\"438\" srcset=\"https:\/\/xn--marion-mller-assmus-dbc.de\/wp-content\/uploads\/2025\/09\/uebermich_13-200x300.jpg 200w, https:\/\/xn--marion-mller-assmus-dbc.de\/wp-content\/uploads\/2025\/09\/uebermich_13.jpg 333w\" sizes=\"auto, (max-width: 292px) 100vw, 292px\" \/><\/p>\r\n<p style=\"text-align: left;\">Ein reguliertes Nervensystem und die M\u00f6glichkeit von korrigierenden Erfahrungen spielten eine gro\u00dfe Rolle auf meinem Heilungsweg. Mein neugieriges Wesen und der Wunsch nach Transformation und Inspiration hat mich mit diversen Heilern, Coaches und Therapeuten in Kontakt gebracht.<\/p>\r\n<p style=\"text-align: left;\">So habe ich mich in den Bereichen, die ich pers\u00f6nlich f\u00fcr mich als heilsam empfand, auch selbst ausbilden lassen. Unter anderem in:<\/p>\r\n<figure class=\"wp-block-image alignleft\"><\/figure>\r\n\r\n\r\n\r\n\r\n\r\n\r\n\r\n<ul class=\"wp-block-list\">\r\n<li>Yogatherapie<\/li>\r\n\r\n\r\n\r\n<li>Systemisches Coaching<\/li>\r\n\r\n\r\n\r\n<li>Hypnotherapie<\/li>\r\n\r\n\r\n\r\n<li>Gespr\u00e4chspsychotherapie nach Rogers<\/li>\r\n\r\n\r\n\r\n<li>Neurosystemische Integration \/ traumasensible Prozessbegleitung<\/li>\r\n<\/ul>\r\n\r\n\r\n\r\n<p>Auch nach 30 Jahren Heilreise bin ich immer noch offen f\u00fcr Weiterlernen, Wachstum und Entwicklung. Wenn ich Dich auf deinem Weg therapeutisch begleite, stelle ich dir meine Kompetenz und all meine Erfahrungen mit Einf\u00fchlungsverm\u00f6gen, Respekt und Verst\u00e4ndnis zur Verf\u00fcgung.<\/p>\r\n\r\n\r\n\r\n<p>Ich helfe Dir, Dich besser zu begreifen, Ressourcen zu finden, wieder in die eigene Kraft zu kommen und aus dieser eigenen Kraft heraus L\u00f6sungen zu kreieren. Und schlie\u00dflich ein Leben in Verbundenheit zu leben, mit Dir selbst und mit anderen.<\/p>\r\n\r\n\r\n\r\n<p class=\"has-text-align-center\" style=\"text-align: center;\"><strong>* * *<\/strong><\/p>\r\n\r\n\r\n\r\n<p class=\"has-text-align-center\" style=\"text-align: center;\">1995: Abitur Oberschule an der Egge, Bremen<\/p>\r\n\r\n\r\n\r\n<p class=\"has-text-align-center\" style=\"text-align: center;\">1998: Sparkassenkauffrau<\/p>\r\n\r\n\r\n\r\n<p class=\"has-text-align-center\" style=\"text-align: center;\">2002: Sparkassenbetriebswirtin<\/p>\r\n\r\n\r\n\r\n<p class=\"has-text-align-center\" style=\"text-align: center;\">10.01.2016: Abschluss <strong>2 j\u00e4hrige Yogalehrerausbildung BYV<\/strong><\/p>\r\n\r\n\r\n\r\n<p class=\"has-text-align-center\" style=\"text-align: center;\">29.10.2017: Abschluss\u00a0<strong>Yogatherapie<\/strong>-Ausbildung (Yoga Vidya)<\/p>\r\n\r\n\r\n\r\n<p class=\"has-text-align-center\" style=\"text-align: center;\">seit dem 22.04.2021:<strong>\u00a0Heilpraktikerin f\u00fcr Psychotherapie<\/strong><\/p>\r\n\r\n\r\n\r\n<p class=\"has-text-align-center\" style=\"text-align: center;\">August 2021:\u00a0<strong>Hypnose Practioner<\/strong><\/p>\r\n\r\n\r\n\r\n<p class=\"has-text-align-center\" style=\"text-align: center;\">Oktober 2021:\u00a0<strong>Gespr\u00e4chspsychotherapie nach Carl Rogers<\/strong><\/p>\r\n\r\n\r\n\r\n<p class=\"has-text-align-center\" style=\"text-align: center;\">Dezember 2021:\u00a0<strong>Hypnose Master<\/strong><\/p>\r\n\r\n\r\n\r\n<p class=\"has-text-align-center\" style=\"text-align: center;\">Juli 2022:\u00a0<strong>Regressionshypnose (Hypnoanalyse)<\/strong><\/p>\r\n\r\n\r\n\r\n<p class=\"has-text-align-center\" style=\"text-align: center;\">seit Juli 2023:<strong> Coach f\u00fcr NI Neurosystemische Integration\u00ae, ganzheitlich-integrative Traumaarbeit<\/strong><\/p>\r\n\r\n\r\n\r\n<p class=\"has-text-align-center\" style=\"text-align: center;\">M\u00e4rz 2024:\u00a0 <strong>Systemisch-integrale Paar- und Sexualberatung<\/strong>, Integralis<strong>\u00ae<\/strong> Akademy<\/p>\r\n<p style=\"text-align: center;\">seit Mai 2024: Ausbildung zur <strong>psychologischen Beraterin nach der Integralis\u00ae Methode<\/strong> &#8211; k\u00f6rperorientiert, systemisch, transpersonal<\/p>\r\n","protected":false},"excerpt":{"rendered":"<p>Marion M\u00fcller-Assmus Ich glaube an Transformation und daran, dass wir alle einen unversehrten Kern in uns haben, an den wir uns wieder anbinden und erinnern k\u00f6nnen . Ich hatte als junge Frau, ohne es damals zu wissen, mit den Folgen von Trauma zu k\u00e4mpfen. Zum Gl\u00fcck habe ich im Alter von 18 Jahren eine grosse&#8230;<\/p>\n","protected":false},"author":1,"featured_media":0,"parent":0,"menu_order":0,"comment_status":"closed","ping_status":"closed","template":"","meta":{"footnotes":""},"class_list":["post-8","page","type-page","status-publish","hentry"],"_links":{"self":[{"href":"https:\/\/xn--marion-mller-assmus-dbc.de\/index.php\/wp-json\/wp\/v2\/pages\/8","targetHints":{"allow":["GET"]}}],"collection":[{"href":"https:\/\/xn--marion-mller-assmus-dbc.de\/index.php\/wp-json\/wp\/v2\/pages"}],"about":[{"href":"https:\/\/xn--marion-mller-assmus-dbc.de\/index.php\/wp-json\/wp\/v2\/types\/page"}],"author":[{"embeddable":true,"href":"https:\/\/xn--marion-mller-assmus-dbc.de\/index.php\/wp-json\/wp\/v2\/users\/1"}],"replies":[{"embeddable":true,"href":"https:\/\/xn--marion-mller-assmus-dbc.de\/index.php\/wp-json\/wp\/v2\/comments?post=8"}],"version-history":[{"count":20,"href":"https:\/\/xn--marion-mller-assmus-dbc.de\/index.php\/wp-json\/wp\/v2\/pages\/8\/revisions"}],"predecessor-version":[{"id":195,"href":"https:\/\/xn--marion-mller-assmus-dbc.de\/index.php\/wp-json\/wp\/v2\/pages\/8\/revisions\/195"}],"wp:attachment":[{"href":"https:\/\/xn--marion-mller-assmus-dbc.de\/index.php\/wp-json\/wp\/v2\/media?parent=8"}],"curies":[{"name":"wp","href":"https:\/\/api.w.org\/{rel}","templated":true}]}}