{"id":78,"date":"2024-01-30T10:57:05","date_gmt":"2024-01-30T10:57:05","guid":{"rendered":"https:\/\/moxu.net\/marion_wp\/?page_id=78"},"modified":"2025-09-12T18:45:12","modified_gmt":"2025-09-12T18:45:12","slug":"haeufig-gestellte-fragen-faq","status":"publish","type":"page","link":"https:\/\/xn--marion-mller-assmus-dbc.de\/index.php\/haeufig-gestellte-fragen-faq\/","title":{"rendered":"H\u00e4ufig gestellte Fragen (FAQ)"},"content":{"rendered":"<div class=\"entry-content\">\n<h5><strong>Was ist der Unterschied zwischen Therapie und Coaching?<\/strong><\/h5>\n<div>\n<p>Coaching ist die Arbeit mit prinzipiell psychisch gesunden Menschen, die aktuell in einer Konflikt- oder Krisensituation (z.B. vor wichtigen Entscheidungen) Orientierung suchen. Sobald eine psychische Erkrankung vorliegt handelt es sich um Therapie. Von psychischer Erkrankung sprechen wir, wenn Leiden mit Krankheitswert zu verzeichnen sind.\u00a0Der Krankheitswert\u00a0definiert sich nach dem g\u00fcltigem Standard nach der\u00a0<a href=\"https:\/\/www.who.int\/standards\/classifications\/classification-of-diseases\"><u><strong>ICD-10-<\/strong><\/u>International Statistical Classification of Diseases and Related Health Problems<\/a> (z.B. eine depressive Episode oder eine Angstst\u00f6rung).<\/p>\n<\/div>\n<div>\n<hr \/>\n<\/div>\n<h5><strong>Gibt es eine Kostenerstattung von gesetzlichen oder privaten Krankenkassen?<\/strong><\/h5>\n<div>In Ausnahmef\u00e4llen gibt es die M\u00f6glichkeit einen Antrag auf Kostenerstattung einer Psychotherapie (nach \u00a7 13 Abs. 3 SGB V) bei der gesetzlichen Krankenkasse zu stellen. Eine weitere M\u00f6glichkeit der Abrechnung oder Kostenunterst\u00fctzung besteht durch private Versicherungen oder Zusatzversicherungen. Sprich den zust\u00e4ndigen Sachbearbeiter deiner Versicherung an. Diese informieren und beraten dich gern.<\/div>\n<div><\/div>\n<\/div>\n<div>\n<hr \/>\n<\/div>\n<div class=\"entry-content\">\n<h5><strong><img loading=\"lazy\" decoding=\"async\" class=\" wp-image-219 alignleft\" src=\"https:\/\/xn--marion-mller-assmus-dbc.de\/wp-content\/uploads\/2025\/09\/faq_33-200x300.jpg\" alt=\"\" width=\"277\" height=\"416\" srcset=\"https:\/\/xn--marion-mller-assmus-dbc.de\/wp-content\/uploads\/2025\/09\/faq_33-200x300.jpg 200w, https:\/\/xn--marion-mller-assmus-dbc.de\/wp-content\/uploads\/2025\/09\/faq_33.jpg 333w\" sizes=\"auto, (max-width: 277px) 100vw, 277px\" \/>Wie viele Sitzungen ben\u00f6tige ich?<\/strong><\/h5>\n<div>Das h\u00e4ngt vor allem davon ab, was das Ziel ist und in welchem Zustand die Therapie bzw. das Coaching begonnen wird. An erster Stelle steht die Stabilisierung. Wenn es nur um einen Impuls geht ist es ein anderes Vorgehen, als wenn eine dauerhafte Begleitung gew\u00fcnscht wird. Vielleicht wird auch eine \u00dcberbr\u00fcckung gew\u00fcnscht bis ein Psychotherapeut mit Kassenzulassung freie Pl\u00e4tze hat.<\/div>\n<div><\/div>\n<\/div>\n<div>\n<hr \/>\n<h5><strong>Gibt es Ausschlusskriterien ?<\/strong><\/h5>\n<p>Beim Vorliegen schwerer Erkrankungen\u00a0ist die Behandlung dem Facharzt vorbehalten.<\/p>\n<\/div>\n<div class=\"entry-content\">\n<div>Grunds\u00e4tzlich wird nach dem Anamnesegespr\u00e4ch entschieden, ob die Grenze meiner fachlichen Kompetenz und der gesetzlichen Vorschriften \u00fcberschritten wird (z.B. akute Suizidalit\u00e4t, organische Krankheiten, Pers\u00f6nlichlkeitsst\u00f6rungen und Psychosen werden von mir grunds\u00e4tzlich nicht behandelt)<\/div>\n<\/div>\n<div>________________________________________________________________<\/div>\n<div><\/div>\n<div><strong>Hast du weitere Fragen? Du kannst mich \u00fcber das Kontaktformular erreichen:-)<\/strong><\/div>\n","protected":false},"excerpt":{"rendered":"<p>Was ist der Unterschied zwischen Therapie und Coaching? Coaching ist die Arbeit mit prinzipiell psychisch gesunden Menschen, die aktuell in einer Konflikt- oder Krisensituation (z.B. vor wichtigen Entscheidungen) Orientierung suchen. Sobald eine psychische Erkrankung vorliegt handelt es sich um Therapie. Von psychischer Erkrankung sprechen wir, wenn Leiden mit Krankheitswert zu verzeichnen sind.\u00a0Der Krankheitswert\u00a0definiert sich nach&#8230;<\/p>\n","protected":false},"author":1,"featured_media":0,"parent":0,"menu_order":0,"comment_status":"closed","ping_status":"closed","template":"","meta":{"footnotes":""},"class_list":["post-78","page","type-page","status-publish","hentry"],"_links":{"self":[{"href":"https:\/\/xn--marion-mller-assmus-dbc.de\/index.php\/wp-json\/wp\/v2\/pages\/78","targetHints":{"allow":["GET"]}}],"collection":[{"href":"https:\/\/xn--marion-mller-assmus-dbc.de\/index.php\/wp-json\/wp\/v2\/pages"}],"about":[{"href":"https:\/\/xn--marion-mller-assmus-dbc.de\/index.php\/wp-json\/wp\/v2\/types\/page"}],"author":[{"embeddable":true,"href":"https:\/\/xn--marion-mller-assmus-dbc.de\/index.php\/wp-json\/wp\/v2\/users\/1"}],"replies":[{"embeddable":true,"href":"https:\/\/xn--marion-mller-assmus-dbc.de\/index.php\/wp-json\/wp\/v2\/comments?post=78"}],"version-history":[{"count":20,"href":"https:\/\/xn--marion-mller-assmus-dbc.de\/index.php\/wp-json\/wp\/v2\/pages\/78\/revisions"}],"predecessor-version":[{"id":223,"href":"https:\/\/xn--marion-mller-assmus-dbc.de\/index.php\/wp-json\/wp\/v2\/pages\/78\/revisions\/223"}],"wp:attachment":[{"href":"https:\/\/xn--marion-mller-assmus-dbc.de\/index.php\/wp-json\/wp\/v2\/media?parent=78"}],"curies":[{"name":"wp","href":"https:\/\/api.w.org\/{rel}","templated":true}]}}