{"id":68,"date":"2024-01-30T10:50:50","date_gmt":"2024-01-30T10:50:50","guid":{"rendered":"https:\/\/moxu.net\/marion_wp\/?page_id=68"},"modified":"2025-09-12T18:35:14","modified_gmt":"2025-09-12T18:35:14","slug":"ni-neurosystemische-integration-traumasensible-begleitung","status":"publish","type":"page","link":"https:\/\/xn--marion-mller-assmus-dbc.de\/index.php\/ni-neurosystemische-integration-traumasensible-begleitung\/","title":{"rendered":"NI \u2013 Neurosystemische Integration \/ Traumasensible Begleitung"},"content":{"rendered":"<blockquote><p>Eine Wunde ist ein Ort, \u00fcber den das Licht in dich eindringt.<br \/>\n\u2013 Rumi \u2013<\/p><\/blockquote>\n<p>Die NI vereinigt die Essenzen aus Neurobiologie, systemischer Therapie und Psychotraumatologie. Die Neurosystemische Integration zeigt damit einen liebevollen und traumasensiblen Weg auf, traumatische Erfahrungen nachhaltig zu integrieren und sanft aus Traumafolge-Symptomen heraus zu heilen.<\/p>\n<p>Traumafolgest\u00f6rungen k\u00f6nnen sein :<\/p>\n<ul>\n<li>Depression<\/li>\n<li>Burn Out<\/li>\n<li>Anpassungsst\u00f6rung<\/li>\n<li>Abh\u00e4ngigkeiten<\/li>\n<li>Dissoziative St\u00f6rungen<\/li>\n<li>Somatoforme St\u00f6rungen<\/li>\n<li>Angstst\u00f6rungen<\/li>\n<li>Essst\u00f6rungen<\/li>\n<\/ul>\n<p>Begriffserkl\u00e4rung:<\/p>\n<p><img loading=\"lazy\" decoding=\"async\" class=\"alignnone wp-image-206\" src=\"https:\/\/xn--marion-mller-assmus-dbc.de\/wp-content\/uploads\/2025\/09\/ni_32-300x200.jpg\" alt=\"\" width=\"499\" height=\"332\" srcset=\"https:\/\/xn--marion-mller-assmus-dbc.de\/wp-content\/uploads\/2025\/09\/ni_32-300x200.jpg 300w, https:\/\/xn--marion-mller-assmus-dbc.de\/wp-content\/uploads\/2025\/09\/ni_32.jpg 500w\" sizes=\"auto, (max-width: 499px) 100vw, 499px\" \/><\/p>\n<h6><strong>Neuro<\/strong><\/h6>\n<p>Dieser Begriff steht f\u00fcr den neurologischen Teil unserer Biologie, also f\u00fcr die Funktionsweise unseres Nervensystems.<\/p>\n<p>Die neueren Erkenntnisse aus dem Bereich der Neurobiologie sind inzwischen ein fester Bestandteil in der Traumaforschung. Sie beinhalten auch Forschungsbereiche wie die Psychoneuroimmunologie und die Psychoneuroendokrinologie.<\/p>\n<p>Denkmuster, Glaubenss\u00e4tze und auch Verhaltens- und Bewegungsmuster sind in unserer Biologie neuronale Netzwerke. Sie beeinflussen damit nicht nur die Funktionsweise unseres K\u00f6rpers, sondern auch die Zusammensetzung unseres momentanen \u201eHormon- und Transmitter Cocktails\u201c und bestimmen dadurch ma\u00dfgeblich mit, wie wir die Welt wahrnehmen.<\/p>\n<p>Traumatische Erfahrungen ver\u00e4ndern viele dieser Vorg\u00e4nge und erzeugen dadurch Traumafolgesymptome. Dabei spielt es keine gro\u00dfe Rolle, ob es sich um ein gro\u00dfes traumatisches Ereignis handelt oder um \u201eviele kleine Traumata\u201c zum Beispiel in der Kindheit (emotionale Gewalt oder Vernachl\u00e4ssigung). Oft sind sich Menschen ihrer eigenen Traumatisierung gar nicht bewusst, da das eigene Familiensystem als \u201enormal\u201c angesehen wird und eine Alternative nicht erlebt wurde. Dabei geht es niemals um Schuld, da wir alle Teil einer Transgenerationalen Traumatisierung sind.<\/p>\n<p>Das Wissen um all diese Zusammenh\u00e4nge er\u00f6ffnet uns neue Sichtweisen, wie sie zum Beispiel in der Polyvagal-Theorie von Stephen Porges beschrieben sind und zeigt uns Wege auf, nachhaltige Ver\u00e4nderungen anzusto\u00dfen.<\/p>\n<p>&nbsp;<\/p>\n<h5><strong>Systemisch<\/strong><\/h5>\n<p>Unserer menschlicher K\u00f6rper ist in sich selbst ein System, das sich aus verschiedenen Systemen zusammensetzt, die funktionell ineinander greifen und zusammenarbeiten. Eine Ver\u00e4nderung in einem System beeinflusst immer auch andere Systeme genauso wie das gesamte System Mensch. So kann eine Ern\u00e4hrungsumstellung unseren Stoffwechsel ver\u00e4ndern und damit auch unsere Stimmungen beeinflussen, genauso wie ein Krafttraining unserer Muskulatur automatisch auch den Grundumsatz unseres Stoffwechsels ver\u00e4ndert. Diese Liste l\u00e4sst sich beliebig fortsetzen.<\/p>\n<p><img loading=\"lazy\" decoding=\"async\" class=\" wp-image-209 alignright\" src=\"https:\/\/xn--marion-mller-assmus-dbc.de\/wp-content\/uploads\/2025\/09\/ni_5-200x300.jpg\" alt=\"\" width=\"259\" height=\"389\" srcset=\"https:\/\/xn--marion-mller-assmus-dbc.de\/wp-content\/uploads\/2025\/09\/ni_5-200x300.jpg 200w, https:\/\/xn--marion-mller-assmus-dbc.de\/wp-content\/uploads\/2025\/09\/ni_5.jpg 350w\" sizes=\"auto, (max-width: 259px) 100vw, 259px\" \/>Wir als Menschen leben ebenfalls in Systemen, die wiederum gr\u00f6\u00dfere Systeme bilden und sich gegenseitig beeinflussen: unsere Familie, Kollegen, Nachbarn\u2026 Unsere Wohnung, unsere Stadt, unsere Umwelt, unsere Erde\u2026 Jedes System beeinflusst die anderen Systeme. Nichts ist voneinander unabh\u00e4ngig.<\/p>\n<p>Psychische und emotionale Verletzungen geschehen ebenfalls in Systemen. Die meisten Traumata finden zwischen Menschen statt, innerhalb von abh\u00e4ngigen Systemen, wie zum Beispiel emotionale Gewalt in Familien, Mobbing im Kollegium oder Rassismus in der Gesellschaft.<\/p>\n<p>Diese Zusammenh\u00e4nge individuell zu erforschen und zu verstehen ist deshalb ein weiterer wichtiger Teil in der Neurosystemischen Integration.<\/p>\n<h5><strong>Integration<\/strong><\/h5>\n<p>Als Menschen treiben uns zwei grunds\u00e4tzliche Motivationen an: erstens die Bewegung weg von unangenehmen Gef\u00fchlen und zweitens die Bewegung hin zu angenehmen Gef\u00fchlen. Vermeidung und Ann\u00e4herung. Das bringt uns instinktiv dazu, unangenehme Gef\u00fchle vermeiden zu wollen. Dadurch werden problematische Erfahrungen und deren Folgen eher verdr\u00e4ngt. Verdr\u00e4ngen aber ist in diesem Zusammenhang das Gegenteil von Integration. Verdr\u00e4ngen verbraucht viel Energie und verfestigt die schwierigen Gef\u00fchle und Muster.<\/p>\n<p>Traumabedingte Muster funktionieren neurobiologisch wie isolierte Netzwerke in unserem Gehirn auf die wir keinen Einfluss zu haben scheinen. Stell dir eine Autobahn von M\u00fcnchen nach Hamburg vor, ohne irgendeine Ausfahrt auf dem ganzen Weg, also recht isoliert vom restlichen Stra\u00dfennetz. Kommst du also in M\u00fcnchen auf diese Autobahn, dann h\u00e4ngst du fest auf dieser Autobahn und kannst diese erst in Hamburg wieder verlassen. In unserem Leben bedeutet das, dass die schwierigen Muster bzw Symptome wieder voll durchlaufen werden.<\/p>\n<p>Integration in diesem Zusammenhang bedeutet, an diese isolierte Autobahn wieder so viele Ausfahrten wie m\u00f6glich zu bauen. Dadurch wird sie im restlichen Stra\u00dfennetz integriert und verliert ihren Schrecken. Kommen wir mal wieder auf diese Fahrbahn, haben wir dann die M\u00f6glichkeit, diese Autobahn an der n\u00e4chsten Ausfahrt wieder zu verlassen.<\/p>\n<p>In der Neurosystemischen Integration benutzen wir Essenzen aus vielen verschiedenen Therapieformen und therapeutischen Techniken um eine neurosystemische Integration zu erreichen. Dazu geh\u00f6ren:<\/p>\n<ul>\n<li>Systemische Therapie<\/li>\n<li>Ego State Therapie<\/li>\n<li>Hypnosystemik<\/li>\n<li>Psychotraumatologie<\/li>\n<li>Bindungsorientierte Psychotherapie<\/li>\n<li>K\u00f6rperpsychotherapie<\/li>\n<\/ul>\n<p>Bei einem kostenlosen Vorgespr\u00e4ch erf\u00e4hrst Du weitere Details.<\/p>\n<p>Die traumasensible Begleitung ist keine Kurzzeittherapie, sondern eine Prozessbegleitung. Unter Umst\u00e4nden kann es sinnvoll sein, eine Traumatherapie begleitend zu machen.<\/p>\n<p>Es werden keine Heilversprechen abgegeben. Die Beratung und Behandlung erfolgt unter Ber\u00fccksichtigung meiner Ausbildungen, Erkenntnissen und Erfahrungen nach bestem Wissen und Gewissen. Daf\u00fcr bilde ich mich regelm\u00e4\u00dfig weiter.<\/p>\n<p>Das Honorar f\u00fcr eine Prozessbegleitung betr\u00e4gt 120,00 Euro pro Sitzung (90 Minuten).<\/p>\n<p>Die gesetzlichen Krankenversicherungen erstatten im Regelfall keine Behandlungskosten f\u00fcr Heilpraktiker.<\/p>\n<p><img loading=\"lazy\" decoding=\"async\" class=\"aligncenter wp-image-40 size-full\" src=\"https:\/\/xn--marion-mller-assmus-dbc.de\/wp-content\/uploads\/2024\/01\/zertifikat_NI_Neurosystemisch.jpg\" alt=\"\" width=\"380\" height=\"544\" srcset=\"https:\/\/xn--marion-mller-assmus-dbc.de\/wp-content\/uploads\/2024\/01\/zertifikat_NI_Neurosystemisch.jpg 380w, https:\/\/xn--marion-mller-assmus-dbc.de\/wp-content\/uploads\/2024\/01\/zertifikat_NI_Neurosystemisch-210x300.jpg 210w\" sizes=\"auto, (max-width: 380px) 100vw, 380px\" \/><\/p>\n","protected":false},"excerpt":{"rendered":"<p>Eine Wunde ist ein Ort, \u00fcber den das Licht in dich eindringt. \u2013 Rumi \u2013 Die NI vereinigt die Essenzen aus Neurobiologie, systemischer Therapie und Psychotraumatologie. Die Neurosystemische Integration zeigt damit einen liebevollen und traumasensiblen Weg auf, traumatische Erfahrungen nachhaltig zu integrieren und sanft aus Traumafolge-Symptomen heraus zu heilen. Traumafolgest\u00f6rungen k\u00f6nnen sein : Depression Burn&#8230;<\/p>\n","protected":false},"author":1,"featured_media":0,"parent":0,"menu_order":0,"comment_status":"closed","ping_status":"closed","template":"","meta":{"footnotes":""},"class_list":["post-68","page","type-page","status-publish","hentry"],"_links":{"self":[{"href":"https:\/\/xn--marion-mller-assmus-dbc.de\/index.php\/wp-json\/wp\/v2\/pages\/68","targetHints":{"allow":["GET"]}}],"collection":[{"href":"https:\/\/xn--marion-mller-assmus-dbc.de\/index.php\/wp-json\/wp\/v2\/pages"}],"about":[{"href":"https:\/\/xn--marion-mller-assmus-dbc.de\/index.php\/wp-json\/wp\/v2\/types\/page"}],"author":[{"embeddable":true,"href":"https:\/\/xn--marion-mller-assmus-dbc.de\/index.php\/wp-json\/wp\/v2\/users\/1"}],"replies":[{"embeddable":true,"href":"https:\/\/xn--marion-mller-assmus-dbc.de\/index.php\/wp-json\/wp\/v2\/comments?post=68"}],"version-history":[{"count":11,"href":"https:\/\/xn--marion-mller-assmus-dbc.de\/index.php\/wp-json\/wp\/v2\/pages\/68\/revisions"}],"predecessor-version":[{"id":215,"href":"https:\/\/xn--marion-mller-assmus-dbc.de\/index.php\/wp-json\/wp\/v2\/pages\/68\/revisions\/215"}],"wp:attachment":[{"href":"https:\/\/xn--marion-mller-assmus-dbc.de\/index.php\/wp-json\/wp\/v2\/media?parent=68"}],"curies":[{"name":"wp","href":"https:\/\/api.w.org\/{rel}","templated":true}]}}