{"id":53,"date":"2024-01-30T10:35:29","date_gmt":"2024-01-30T10:35:29","guid":{"rendered":"https:\/\/moxu.net\/marion_wp\/?page_id=53"},"modified":"2025-09-12T17:38:17","modified_gmt":"2025-09-12T17:38:17","slug":"yogatherapie","status":"publish","type":"page","link":"https:\/\/xn--marion-mller-assmus-dbc.de\/index.php\/yogatherapie\/","title":{"rendered":"Yogatherapie"},"content":{"rendered":"<blockquote><p>Yoga citta vritti nirodha (bedeutet: Yoga ist das zur Ruhe bringen der Gedanken im Geist.)<br \/>\n\u2013 Patanjali \u2013<\/p><\/blockquote>\n<p>Yogatherapie ist die Anwendung der klassischen Yoga-Techniken auf konkrete Beschwerden. Du lernst, wie du deine Selbstheilungskr\u00e4fte eigenst\u00e4ndig aktivieren kannst.<\/p>\n<p><img loading=\"lazy\" decoding=\"async\" class=\" wp-image-198 alignleft\" src=\"https:\/\/xn--marion-mller-assmus-dbc.de\/wp-content\/uploads\/2025\/09\/yoga_44-224x300.jpg\" alt=\"\" width=\"294\" height=\"394\" srcset=\"https:\/\/xn--marion-mller-assmus-dbc.de\/wp-content\/uploads\/2025\/09\/yoga_44-224x300.jpg 224w, https:\/\/xn--marion-mller-assmus-dbc.de\/wp-content\/uploads\/2025\/09\/yoga_44.jpg 373w\" sizes=\"auto, (max-width: 294px) 100vw, 294px\" \/>Dabei ist Yogatherapie nach Absprache sehr gut mit der Schulmedizin und anderen Naturheilverfahren kombinierbar.<\/p>\n<p>Ganz egal wie deine Konstitution gerade aussieht \u2013 Yogatherapie ist sowohl f\u00fcr absolute Yoga-Anf\u00e4nger als auch f\u00fcr erfahrene \u00dcbende geeignet.<\/p>\n<p>Du erh\u00e4ltst einen \u00dcbungsplan, der auf deine pers\u00f6nlichen Bed\u00fcrfnisse abgestimmt ist und aus K\u00f6rperhaltungen (Asanas), Atem\u00fcbungen (Pranayamas), Meditation und Tiefenentspannung besteht.<\/p>\n<p>Es werden keine Heilversprechen abgegeben. Die Beratung und Behandlung erfolgt unter Ber\u00fccksichtigung meiner Ausbildungen, Erkenntnisse und Erfahrungen nach bestem Wissen und Gewissen. Daf\u00fcr bilde ich mich regelm\u00e4\u00dfig weiter.<\/p>\n<p>Das Honorar f\u00fcr eine Sitzung betr\u00e4gt 90,00 Euro pro Sitzung (60 Minuten), bzw. 120,00 Euro (90 Minuten)<\/p>\n<p>F\u00fcr Sch\u00fcler\/innen und Student\/innen biete ich einen Nachlass in H\u00f6he von 20 % an.<\/p>\n<p>Die Sitzungen k\u00f6nnen nicht \u00fcber Krankenkassen abgerechnet werden.<\/p>\n<p>Weitere Informationen erh\u00e4ltst du in einem kostenlosen Kennenlerngespr\u00e4ch (Anmeldung \u00fcber das Kontaktformular oder Mobil: 0151-20135717).<\/p>\n<p>Mehr \u00fcber Yoga erf\u00e4hrst du auch auf meiner Seite <a href=\"http:\/\/www.maripura.de\">Yogastudio Maripura.de<\/a>.<\/p>\n<p>&nbsp;<\/p>\n<p><img loading=\"lazy\" decoding=\"async\" class=\"aligncenter wp-image-48 size-full\" src=\"https:\/\/xn--marion-mller-assmus-dbc.de\/wp-content\/uploads\/2024\/01\/zertifikat-yogatherapie.png\" alt=\"Yoga Vidya Zertifikat\" width=\"380\" height=\"544\" srcset=\"https:\/\/xn--marion-mller-assmus-dbc.de\/wp-content\/uploads\/2024\/01\/zertifikat-yogatherapie.png 380w, https:\/\/xn--marion-mller-assmus-dbc.de\/wp-content\/uploads\/2024\/01\/zertifikat-yogatherapie-210x300.png 210w\" sizes=\"auto, (max-width: 380px) 100vw, 380px\" \/><\/p>\n","protected":false},"excerpt":{"rendered":"<p>Yoga citta vritti nirodha (bedeutet: Yoga ist das zur Ruhe bringen der Gedanken im Geist.) \u2013 Patanjali \u2013 Yogatherapie ist die Anwendung der klassischen Yoga-Techniken auf konkrete Beschwerden. Du lernst, wie du deine Selbstheilungskr\u00e4fte eigenst\u00e4ndig aktivieren kannst. Dabei ist Yogatherapie nach Absprache sehr gut mit der Schulmedizin und anderen Naturheilverfahren kombinierbar. Ganz egal wie deine&#8230;<\/p>\n","protected":false},"author":1,"featured_media":0,"parent":0,"menu_order":0,"comment_status":"closed","ping_status":"closed","template":"","meta":{"footnotes":""},"class_list":["post-53","page","type-page","status-publish","hentry"],"_links":{"self":[{"href":"https:\/\/xn--marion-mller-assmus-dbc.de\/index.php\/wp-json\/wp\/v2\/pages\/53","targetHints":{"allow":["GET"]}}],"collection":[{"href":"https:\/\/xn--marion-mller-assmus-dbc.de\/index.php\/wp-json\/wp\/v2\/pages"}],"about":[{"href":"https:\/\/xn--marion-mller-assmus-dbc.de\/index.php\/wp-json\/wp\/v2\/types\/page"}],"author":[{"embeddable":true,"href":"https:\/\/xn--marion-mller-assmus-dbc.de\/index.php\/wp-json\/wp\/v2\/users\/1"}],"replies":[{"embeddable":true,"href":"https:\/\/xn--marion-mller-assmus-dbc.de\/index.php\/wp-json\/wp\/v2\/comments?post=53"}],"version-history":[{"count":6,"href":"https:\/\/xn--marion-mller-assmus-dbc.de\/index.php\/wp-json\/wp\/v2\/pages\/53\/revisions"}],"predecessor-version":[{"id":200,"href":"https:\/\/xn--marion-mller-assmus-dbc.de\/index.php\/wp-json\/wp\/v2\/pages\/53\/revisions\/200"}],"wp:attachment":[{"href":"https:\/\/xn--marion-mller-assmus-dbc.de\/index.php\/wp-json\/wp\/v2\/media?parent=53"}],"curies":[{"name":"wp","href":"https:\/\/api.w.org\/{rel}","templated":true}]}}