{"id":226,"date":"2025-09-25T09:53:17","date_gmt":"2025-09-25T09:53:17","guid":{"rendered":"https:\/\/xn--marion-mller-assmus-dbc.de\/?page_id=226"},"modified":"2025-11-05T09:58:49","modified_gmt":"2025-11-05T09:58:49","slug":"gruppentherapie","status":"publish","type":"page","link":"https:\/\/xn--marion-mller-assmus-dbc.de\/index.php\/gruppentherapie\/","title":{"rendered":"Gruppentherapie"},"content":{"rendered":"<div>Mutmachkreis &#8222;Sicherer Hafen&#8220;<\/div>\n<p>&nbsp;<\/p>\n<div>Wir treffen uns einmal im Monat dienstags um 18:30 Uhr f\u00fcr 2 Stunden.<\/div>\n<div>\n<div>\n<div>Die Gruppe wird von Agni Rosenbuch und mir geleitet.<\/div>\n<div>Geplant sind Co-Regulations\u00fcbungen, Austausch, traumasensible Meditation, sanfte K\u00f6rper\u00fcbungen und Psychoeducation.<\/div>\n<div>Die Gruppe ist eine feste Gruppe ohne Fluktuation f\u00fcr ein halbes Jahr.<\/div>\n<div>Ab April 2026 k\u00f6nnen neue Teilnehmer\/Innen aufgenommen werden.<\/div>\n<p>&nbsp;<\/p>\n<div>Kosten pro Abend 58,00 Euro.<\/div>\n<div><\/div>\n<\/div>\n<p>Termine:<\/p>\n<div>18.11.25<\/div>\n<div>09.12.25<\/div>\n<div>20.01.26<\/div>\n<div>17. 02.26<\/div>\n<div>24.03.26<\/div>\n<p>&nbsp;<\/p>\n<div>Wir freuen uns auf Dich!<\/div>\n<div>Agni und Marion\ud83e\udd8b<\/div>\n<\/div>\n","protected":false},"excerpt":{"rendered":"<p>Mutmachkreis &#8222;Sicherer Hafen&#8220; &nbsp; Wir treffen uns einmal im Monat dienstags um 18:30 Uhr f\u00fcr 2 Stunden. Die Gruppe wird von Agni Rosenbuch und mir geleitet. Geplant sind Co-Regulations\u00fcbungen, Austausch, traumasensible Meditation, sanfte K\u00f6rper\u00fcbungen und Psychoeducation. Die Gruppe ist eine feste Gruppe ohne Fluktuation f\u00fcr ein halbes Jahr. Ab April 2026 k\u00f6nnen neue Teilnehmer\/Innen aufgenommen&#8230;<\/p>\n","protected":false},"author":1,"featured_media":0,"parent":0,"menu_order":0,"comment_status":"closed","ping_status":"closed","template":"","meta":{"footnotes":""},"class_list":["post-226","page","type-page","status-publish","hentry"],"_links":{"self":[{"href":"https:\/\/xn--marion-mller-assmus-dbc.de\/index.php\/wp-json\/wp\/v2\/pages\/226","targetHints":{"allow":["GET"]}}],"collection":[{"href":"https:\/\/xn--marion-mller-assmus-dbc.de\/index.php\/wp-json\/wp\/v2\/pages"}],"about":[{"href":"https:\/\/xn--marion-mller-assmus-dbc.de\/index.php\/wp-json\/wp\/v2\/types\/page"}],"author":[{"embeddable":true,"href":"https:\/\/xn--marion-mller-assmus-dbc.de\/index.php\/wp-json\/wp\/v2\/users\/1"}],"replies":[{"embeddable":true,"href":"https:\/\/xn--marion-mller-assmus-dbc.de\/index.php\/wp-json\/wp\/v2\/comments?post=226"}],"version-history":[{"count":18,"href":"https:\/\/xn--marion-mller-assmus-dbc.de\/index.php\/wp-json\/wp\/v2\/pages\/226\/revisions"}],"predecessor-version":[{"id":246,"href":"https:\/\/xn--marion-mller-assmus-dbc.de\/index.php\/wp-json\/wp\/v2\/pages\/226\/revisions\/246"}],"wp:attachment":[{"href":"https:\/\/xn--marion-mller-assmus-dbc.de\/index.php\/wp-json\/wp\/v2\/media?parent=226"}],"curies":[{"name":"wp","href":"https:\/\/api.w.org\/{rel}","templated":true}]}}