{"id":17,"date":"2024-01-30T08:22:56","date_gmt":"2024-01-30T08:22:56","guid":{"rendered":"https:\/\/moxu.net\/marion_wp\/?page_id=17"},"modified":"2025-09-12T17:30:46","modified_gmt":"2025-09-12T17:30:46","slug":"hypnotherapie","status":"publish","type":"page","link":"https:\/\/xn--marion-mller-assmus-dbc.de\/index.php\/hypnotherapie\/","title":{"rendered":"Hypnotherapie"},"content":{"rendered":"\r\n<blockquote>\r\n<p>Nenne es nicht Traum , sondern nenne es Plan.<\/p>\r\n<\/blockquote>\r\n\r\n\r\n\r\n<p>Hypnose bezeichnet den Zustand der Trance, in dem das Unterbewusstsein angesprochen wird und dort die essenziellen Ver\u00e4nderungen ausl\u00f6st. <strong>Dabei verlierst du, anders als dir eventuell aus Filmen oder aus Fernsehen gel\u00e4ufig, zu keinem Moment das Bewusstsein oder die Kontrolle<\/strong>. Du selbst bestimmst, was Du zulassen m\u00f6chtest.<\/p>\r\n\r\n\r\n\r\n<p>Die Hypnose\u00a0hat sich als \u00e4u\u00dferst effektive Form der Behandlung bei einer Vielzahl von Problemstellungen bew\u00e4hrt:<\/p>\r\n\r\n\r\n\r\n<ul class=\"wp-block-list\">\r\n<li>Schlafst\u00f6rungen<\/li>\r\n\r\n\r\n\r\n<li>Raucherentw\u00f6hnung<\/li>\r\n\r\n\r\n\r\n<li>Gewichtsreduktion<\/li>\r\n\r\n\r\n\r\n<li>Bew\u00e4ltigung von \u00c4ngsten<\/li>\r\n\r\n\r\n\r\n<li>L\u00f6sung von Blockaden<\/li>\r\n\r\n\r\n\r\n<li>Ver\u00e4nderung von Glaubenss\u00e4tzen<\/li>\r\n\r\n\r\n\r\n<li>Steigerung des Selbstbewusstseins \/ Selbstwertes<\/li>\r\n\r\n\r\n\r\n<li>Verarbeitung von Trennung und Verlust<\/li>\r\n\r\n\r\n\r\n<li>psychosomatische Beschwerden<\/li>\r\n\r\n\r\n\r\n<li>und vielem mehr<\/li>\r\n<\/ul>\r\n\r\n\r\n\r\n<p>Bei einem kostenlosen Vorgespr\u00e4ch erf\u00e4hrst Du weitere Details. F\u00fcr eine gute Wirkung braucht es die Bereitschaft und den tiefen und ehrlichen Wunsch nach Ver\u00e4nderung.<\/p>\r\n\r\n\r\n\r\n<p>Es werden keine Heilversprechen abgegeben. Die Beratung und Behandlung erfolgt unter Ber\u00fccksichtigung meiner Ausbildungen, Erkenntnisse und Erfahrungen nach bestem Wissen und Gewissen. Daf\u00fcr bilde ich mich regelm\u00e4\u00dfig weiter.<\/p>\r\n<p><img loading=\"lazy\" decoding=\"async\" class=\"alignnone  wp-image-196\" src=\"https:\/\/xn--marion-mller-assmus-dbc.de\/wp-content\/uploads\/2025\/09\/hypno_31-300x200.jpg\" alt=\"\" width=\"502\" height=\"334\" srcset=\"https:\/\/xn--marion-mller-assmus-dbc.de\/wp-content\/uploads\/2025\/09\/hypno_31-300x200.jpg 300w, https:\/\/xn--marion-mller-assmus-dbc.de\/wp-content\/uploads\/2025\/09\/hypno_31.jpg 500w\" sizes=\"auto, (max-width: 502px) 100vw, 502px\" \/><\/p>\r\n\r\n\r\n\r\n<p>Das Honorar f\u00fcr eine ursachenorientierte Kurzzeittherapie (1 bis 5 Sitzungen) betr\u00e4gt 120,00 Euro pro Sitzung (90 bis 120 Minuten).<\/p>\r\n\r\n\r\n\r\n<p>F\u00fcr Sch\u00fcler\/Studenten biete ich einen Nachlass in H\u00f6he von 20% an<\/p>\r\n\r\n\r\n\r\n<p>Die gesetzlichen Krankenversicherungen erstatten im Regelfall keine Behandlungskosten f\u00fcr\u00a0Heilpraktiker.<\/p>\r\n<p><img loading=\"lazy\" decoding=\"async\" class=\"aligncenter wp-image-46 size-large\" src=\"https:\/\/xn--marion-mller-assmus-dbc.de\/wp-content\/uploads\/2024\/01\/zertifikate-1-700x242.png\" alt=\"\" width=\"700\" height=\"242\" srcset=\"https:\/\/xn--marion-mller-assmus-dbc.de\/wp-content\/uploads\/2024\/01\/zertifikate-1-700x242.png 700w, https:\/\/xn--marion-mller-assmus-dbc.de\/wp-content\/uploads\/2024\/01\/zertifikate-1-300x104.png 300w, https:\/\/xn--marion-mller-assmus-dbc.de\/wp-content\/uploads\/2024\/01\/zertifikate-1-768x266.png 768w, https:\/\/xn--marion-mller-assmus-dbc.de\/wp-content\/uploads\/2024\/01\/zertifikate-1.png 800w\" sizes=\"auto, (max-width: 700px) 100vw, 700px\" \/><\/p>\r\n<p><img loading=\"lazy\" decoding=\"async\" class=\"aligncenter wp-image-39 size-full\" src=\"https:\/\/xn--marion-mller-assmus-dbc.de\/wp-content\/uploads\/2024\/01\/zertifikat_hypno.png\" alt=\"\" width=\"380\" height=\"264\" srcset=\"https:\/\/xn--marion-mller-assmus-dbc.de\/wp-content\/uploads\/2024\/01\/zertifikat_hypno.png 380w, https:\/\/xn--marion-mller-assmus-dbc.de\/wp-content\/uploads\/2024\/01\/zertifikat_hypno-300x208.png 300w\" sizes=\"auto, (max-width: 380px) 100vw, 380px\" \/><\/p>\r\n","protected":false},"excerpt":{"rendered":"<p>Nenne es nicht Traum , sondern nenne es Plan. Hypnose bezeichnet den Zustand der Trance, in dem das Unterbewusstsein angesprochen wird und dort die essenziellen Ver\u00e4nderungen ausl\u00f6st. Dabei verlierst du, anders als dir eventuell aus Filmen oder aus Fernsehen gel\u00e4ufig, zu keinem Moment das Bewusstsein oder die Kontrolle. Du selbst bestimmst, was Du zulassen m\u00f6chtest&#8230;.<\/p>\n","protected":false},"author":1,"featured_media":0,"parent":0,"menu_order":0,"comment_status":"closed","ping_status":"closed","template":"","meta":{"footnotes":""},"class_list":["post-17","page","type-page","status-publish","hentry"],"_links":{"self":[{"href":"https:\/\/xn--marion-mller-assmus-dbc.de\/index.php\/wp-json\/wp\/v2\/pages\/17","targetHints":{"allow":["GET"]}}],"collection":[{"href":"https:\/\/xn--marion-mller-assmus-dbc.de\/index.php\/wp-json\/wp\/v2\/pages"}],"about":[{"href":"https:\/\/xn--marion-mller-assmus-dbc.de\/index.php\/wp-json\/wp\/v2\/types\/page"}],"author":[{"embeddable":true,"href":"https:\/\/xn--marion-mller-assmus-dbc.de\/index.php\/wp-json\/wp\/v2\/users\/1"}],"replies":[{"embeddable":true,"href":"https:\/\/xn--marion-mller-assmus-dbc.de\/index.php\/wp-json\/wp\/v2\/comments?post=17"}],"version-history":[{"count":8,"href":"https:\/\/xn--marion-mller-assmus-dbc.de\/index.php\/wp-json\/wp\/v2\/pages\/17\/revisions"}],"predecessor-version":[{"id":197,"href":"https:\/\/xn--marion-mller-assmus-dbc.de\/index.php\/wp-json\/wp\/v2\/pages\/17\/revisions\/197"}],"wp:attachment":[{"href":"https:\/\/xn--marion-mller-assmus-dbc.de\/index.php\/wp-json\/wp\/v2\/media?parent=17"}],"curies":[{"name":"wp","href":"https:\/\/api.w.org\/{rel}","templated":true}]}}